{"id":17761,"date":"2023-02-17T08:34:52","date_gmt":"2023-02-17T08:34:52","guid":{"rendered":"https:\/\/mshgroup.vn\/cho-thue\/?page_id=17761"},"modified":"2023-02-17T09:49:18","modified_gmt":"2023-02-17T09:49:18","slug":"lien-he","status":"publish","type":"page","link":"https:\/\/mshgroup.vn\/cho-thue\/lien-he\/","title":{"rendered":"Li\u00ean h\u1ec7"},"content":{"rendered":"\t\t<div data-elementor-type=\"wp-page\" data-elementor-id=\"17761\" class=\"elementor elementor-17761\">\n\t\t\t\t\t\t\t\t\t<section class=\"elementor-section elementor-top-section elementor-element elementor-element-04b9df8 elementor-section-boxed elementor-section-height-default elementor-section-height-default\" data-id=\"04b9df8\" data-element_type=\"section\">\n\t\t\t\t\t\t<div class=\"elementor-container elementor-column-gap-default\">\n\t\t\t\t\t<div class=\"elementor-column elementor-col-100 elementor-top-column elementor-element elementor-element-47f4744\" data-id=\"47f4744\" data-element_type=\"column\">\n\t\t\t<div class=\"elementor-widget-wrap elementor-element-populated\">\n\t\t\t\t\t\t\t\t<div class=\"elementor-element elementor-element-d91d9d9 elementor-widget elementor-widget-image\" data-id=\"d91d9d9\" data-element_type=\"widget\" data-widget_type=\"image.default\">\n\t\t\t\t<div class=\"elementor-widget-container\">\n\t\t\t<style>\/*! elementor - v3.11.0 - 13-02-2023 *\/\n.elementor-widget-image{text-align:center}.elementor-widget-image a{display:inline-block}.elementor-widget-image a img[src$=\".svg\"]{width:48px}.elementor-widget-image img{vertical-align:middle;display:inline-block}<\/style>\t\t\t\t\t\t\t\t\t\t\t\t<img loading=\"lazy\" decoding=\"async\" width=\"1024\" height=\"576\" src=\"https:\/\/mshgroup.vn\/cho-thue\/wp-content\/uploads\/2023\/02\/lien-he-cho-thue.jpg\" class=\"attachment-large size-large wp-image-17766\" alt=\"\" \/>\t\t\t\t\t\t\t\t\t\t\t\t\t\t\t<\/div>\n\t\t\t\t<\/div>\n\t\t\t\t<div class=\"elementor-element elementor-element-a6a3155 elementor-widget elementor-widget-heading\" data-id=\"a6a3155\" data-element_type=\"widget\" data-widget_type=\"heading.default\">\n\t\t\t\t<div class=\"elementor-widget-container\">\n\t\t\t<style>\/*! elementor - v3.11.0 - 13-02-2023 *\/\n.elementor-heading-title{padding:0;margin:0;line-height:1}.elementor-widget-heading .elementor-heading-title[class*=elementor-size-]>a{color:inherit;font-size:inherit;line-height:inherit}.elementor-widget-heading .elementor-heading-title.elementor-size-small{font-size:15px}.elementor-widget-heading .elementor-heading-title.elementor-size-medium{font-size:19px}.elementor-widget-heading .elementor-heading-title.elementor-size-large{font-size:29px}.elementor-widget-heading .elementor-heading-title.elementor-size-xl{font-size:39px}.elementor-widget-heading .elementor-heading-title.elementor-size-xxl{font-size:59px}<\/style><h2 class=\"elementor-heading-title elementor-size-default\">LI\u00caN H\u1ec6<\/h2>\t\t<\/div>\n\t\t\t\t<\/div>\n\t\t\t\t<div class=\"elementor-element elementor-element-d44e00e elementor-widget__width-initial elementor-widget elementor-widget-text-editor\" data-id=\"d44e00e\" data-element_type=\"widget\" data-widget_type=\"text-editor.default\">\n\t\t\t\t<div class=\"elementor-widget-container\">\n\t\t\t<style>\/*! elementor - v3.11.0 - 13-02-2023 *\/\n.elementor-widget-text-editor.elementor-drop-cap-view-stacked .elementor-drop-cap{background-color:#818a91;color:#fff}.elementor-widget-text-editor.elementor-drop-cap-view-framed .elementor-drop-cap{color:#818a91;border:3px solid;background-color:transparent}.elementor-widget-text-editor:not(.elementor-drop-cap-view-default) .elementor-drop-cap{margin-top:8px}.elementor-widget-text-editor:not(.elementor-drop-cap-view-default) .elementor-drop-cap-letter{width:1em;height:1em}.elementor-widget-text-editor .elementor-drop-cap{float:left;text-align:center;line-height:1;font-size:50px}.elementor-widget-text-editor .elementor-drop-cap-letter{display:inline-block}<\/style>\t\t\t\t<p><span data-contrast=\"auto\">Qu\u00fd Kh\u00e1ch h\u00e0ng c\u00f3 nhu c\u1ea7u cho thu\u00ea nh\u00e0, vui l\u00f2ng li\u00ean h\u1ec7 v\u1edbi MSH Leasing \u0111\u1ec3 \u0111\u01b0\u1ee3c h\u1ed7 tr\u1ee3. N\u1ebfu Qu\u00fd Kh\u00e1ch h\u00e0ng\u00a0c\u00f3 nhu c\u1ea7u thu\u00ea nh\u00e0, h\u00e3y cho MSH Leasing bi\u1ebft, ch\u00fang t\u00f4i s\u1ebd cung c\u1ea5p th\u00f4ng tin \u0111a d\u1ea1ng v\u00e0 nhanh nh\u1ea5t ph\u00f9 h\u1ee3p v\u1edbi nhu c\u1ea7u c\u1ee7a Qu\u00fd kh\u00e1ch h\u00e0ng<\/span><span data-ccp-props=\"{&quot;201341983&quot;:0,&quot;335559739&quot;:160,&quot;335559740&quot;:259}\">\u00a0<\/span><\/p><p><strong>LINK FORM K\u00dd G\u1eecI C\u0102N H\u1ed8 CHO THU\u00ca\/ \u0110\u0102NG K\u00dd THU\u00ca C\u0102N H\u1ed8: \u00a0<\/strong><\/p><p><a href=\"https:\/\/forms.office.com\/pages\/responsepage.aspx?id=U4vV8aEdvUqtLSh5OBguohu9lv5o_CFDgZ-r_bbUzqZUQkNJSzhWN0IyMTZCSElaMVM3NlI2QU43Wi4u\"><span data-contrast=\"none\">MSH LEASING | K\u00dd G\u1eecI C\u0102N H\u1ed8 CHO THU\u00ca &#8211; \u0110\u0102NG K\u00dd THU\u00ca C\u0102N H\u1ed8 (office.com)<\/span><\/a><span data-ccp-props=\"{&quot;201341983&quot;:0,&quot;335559739&quot;:160,&quot;335559740&quot;:259}\">\u00a0<\/span><\/p><p><span data-contrast=\"auto\">Ch\u00fang t\u00f4i s\u1ebd li\u00ean h\u1ec7 v\u1edbi anh\/ ch\u1ecb trong th\u1eddi gian s\u1edbm nh\u1ea5t \u0111\u1ec3 trao \u0111\u1ed5i chi ti\u1ebft v\u1ec1 MSH Leasing \u2013 D\u1ecbch v\u1ee5 cho thu\u00ea.<\/span><span data-ccp-props=\"{&quot;134233117&quot;:false,&quot;134233118&quot;:false,&quot;201341983&quot;:0,&quot;335551550&quot;:1,&quot;335551620&quot;:1,&quot;335559685&quot;:0,&quot;335559737&quot;:0,&quot;335559738&quot;:0,&quot;335559739&quot;:160,&quot;335559740&quot;:259}\">\u00a0<\/span><\/p><p><span data-contrast=\"auto\">Tr\u00e2n tr\u1ecdng!<\/span><span data-ccp-props=\"{&quot;201341983&quot;:0,&quot;335551550&quot;:6,&quot;335551620&quot;:6,&quot;335559739&quot;:160,&quot;335559740&quot;:259}\">\u00a0<\/span><\/p>\t\t\t\t\t\t<\/div>\n\t\t\t\t<\/div>\n\t\t\t\t<section class=\"elementor-section elementor-inner-section elementor-element elementor-element-ca9b906 elementor-section-boxed elementor-section-height-default elementor-section-height-default\" data-id=\"ca9b906\" data-element_type=\"section\">\n\t\t\t\t\t\t<div class=\"elementor-container elementor-column-gap-default\">\n\t\t\t\t\t<div class=\"elementor-column elementor-col-50 elementor-inner-column elementor-element elementor-element-b186de2\" data-id=\"b186de2\" data-element_type=\"column\">\n\t\t\t<div class=\"elementor-widget-wrap elementor-element-populated\">\n\t\t\t\t\t\t\t\t<div class=\"elementor-element elementor-element-bcb5f09 elementor-view-default elementor-invisible elementor-widget elementor-widget-icon\" data-id=\"bcb5f09\" data-element_type=\"widget\" data-settings=\"{&quot;motion_fx_motion_fx_mouse&quot;:&quot;yes&quot;,&quot;motion_fx_mouseTrack_effect&quot;:&quot;yes&quot;,&quot;motion_fx_mouseTrack_speed&quot;:{&quot;unit&quot;:&quot;px&quot;,&quot;size&quot;:0.1,&quot;sizes&quot;:[]},&quot;motion_fx_tilt_effect&quot;:&quot;yes&quot;,&quot;motion_fx_tilt_speed&quot;:{&quot;unit&quot;:&quot;px&quot;,&quot;size&quot;:1,&quot;sizes&quot;:[]},&quot;_animation&quot;:&quot;fadeIn&quot;}\" data-widget_type=\"icon.default\">\n\t\t\t\t<div class=\"elementor-widget-container\">\n\t\t\t\t\t<div class=\"elementor-icon-wrapper\">\n\t\t\t<div class=\"elementor-icon\">\n\t\t\t<i aria-hidden=\"true\" class=\"fas fa-phone-alt\"><\/i>\t\t\t<\/div>\n\t\t<\/div>\n\t\t\t\t<\/div>\n\t\t\t\t<\/div>\n\t\t\t\t\t<\/div>\n\t\t<\/div>\n\t\t\t\t<div class=\"elementor-column elementor-col-50 elementor-inner-column elementor-element elementor-element-9fdc2af\" data-id=\"9fdc2af\" data-element_type=\"column\">\n\t\t\t<div class=\"elementor-widget-wrap elementor-element-populated\">\n\t\t\t\t\t\t\t\t<div class=\"elementor-element elementor-element-a486ce6 elementor-invisible elementor-widget elementor-widget-text-editor\" data-id=\"a486ce6\" data-element_type=\"widget\" data-settings=\"{&quot;_animation&quot;:&quot;fadeInRight&quot;}\" data-widget_type=\"text-editor.default\">\n\t\t\t\t<div class=\"elementor-widget-container\">\n\t\t\t\t\t\t\t<p><a href=\"tel:1900588886\">1900 588 886<\/a><\/p>\t\t\t\t\t\t<\/div>\n\t\t\t\t<\/div>\n\t\t\t\t\t<\/div>\n\t\t<\/div>\n\t\t\t\t\t\t\t<\/div>\n\t\t<\/section>\n\t\t\t\t\t<\/div>\n\t\t<\/div>\n\t\t\t\t\t\t\t<\/div>\n\t\t<\/section>\n\t\t\t\t\t\t\t<\/div>\n\t\t","protected":false},"excerpt":{"rendered":"<p>LI\u00caN H\u1ec6 Qu\u00fd Kh\u00e1ch h\u00e0ng c\u00f3 nhu c\u1ea7u cho thu\u00ea nh\u00e0, vui l\u00f2ng li\u00ean h\u1ec7 v\u1edbi MSH Leasing \u0111\u1ec3 \u0111\u01b0\u1ee3c h\u1ed7 tr\u1ee3. N\u1ebfu Qu\u00fd Kh\u00e1ch h\u00e0ng\u00a0c\u00f3 nhu c\u1ea7u thu\u00ea nh\u00e0, h\u00e3y cho MSH Leasing bi\u1ebft, ch\u00fang t\u00f4i s\u1ebd cung c\u1ea5p th\u00f4ng tin \u0111a d\u1ea1ng v\u00e0 nhanh nh\u1ea5t ph\u00f9 h\u1ee3p v\u1edbi nhu c\u1ea7u c\u1ee7a Qu\u00fd kh\u00e1ch [&hellip;]<\/p>\n","protected":false},"author":1,"featured_media":0,"parent":0,"menu_order":0,"comment_status":"closed","ping_status":"closed","template":"","meta":{"footnotes":""},"class_list":["post-17761","page","type-page","status-publish","hentry"],"_links":{"self":[{"href":"https:\/\/mshgroup.vn\/cho-thue\/wp-json\/wp\/v2\/pages\/17761","targetHints":{"allow":["GET"]}}],"collection":[{"href":"https:\/\/mshgroup.vn\/cho-thue\/wp-json\/wp\/v2\/pages"}],"about":[{"href":"https:\/\/mshgroup.vn\/cho-thue\/wp-json\/wp\/v2\/types\/page"}],"author":[{"embeddable":true,"href":"https:\/\/mshgroup.vn\/cho-thue\/wp-json\/wp\/v2\/users\/1"}],"replies":[{"embeddable":true,"href":"https:\/\/mshgroup.vn\/cho-thue\/wp-json\/wp\/v2\/comments?post=17761"}],"version-history":[{"count":7,"href":"https:\/\/mshgroup.vn\/cho-thue\/wp-json\/wp\/v2\/pages\/17761\/revisions"}],"predecessor-version":[{"id":17769,"href":"https:\/\/mshgroup.vn\/cho-thue\/wp-json\/wp\/v2\/pages\/17761\/revisions\/17769"}],"wp:attachment":[{"href":"https:\/\/mshgroup.vn\/cho-thue\/wp-json\/wp\/v2\/media?parent=17761"}],"curies":[{"name":"wp","href":"https:\/\/api.w.org\/{rel}","templated":true}]}}